{"id":11,"date":"2023-09-16T09:30:28","date_gmt":"2023-09-16T12:30:28","guid":{"rendered":"https:\/\/advjoaoluizbarros.com.br\/?page_id=11"},"modified":"2023-09-16T15:58:44","modified_gmt":"2023-09-16T18:58:44","slug":"home","status":"publish","type":"page","link":"https:\/\/advjoaoluizbarros.com.br\/","title":{"rendered":"Home"},"content":{"rendered":"\t\t<div data-elementor-type=\"wp-page\" data-elementor-id=\"11\" class=\"elementor elementor-11\">\n\t\t\t\t<div class=\"elementor-element elementor-element-50b4951 e-flex e-con-boxed e-con e-parent\" data-id=\"50b4951\" data-element_type=\"container\" data-e-type=\"container\" data-settings=\"{&quot;background_background&quot;:&quot;classic&quot;}\">\n\t\t\t\t\t<div class=\"e-con-inner\">\n\t\t<div class=\"elementor-element elementor-element-87c7fe0 e-con-full e-flex e-con e-child\" data-id=\"87c7fe0\" data-element_type=\"container\" data-e-type=\"container\">\n\t\t\t\t<div class=\"elementor-element elementor-element-fc77f25 elementor-widget-mobile__width-initial elementor-widget elementor-widget-image\" data-id=\"fc77f25\" data-element_type=\"widget\" data-e-type=\"widget\" data-widget_type=\"image.default\">\n\t\t\t\t<div class=\"elementor-widget-container\">\n\t\t\t\t\t\t\t\t\t\t\t\t\t\t\t<img decoding=\"async\" width=\"231\" height=\"83\" src=\"https:\/\/advjoaoluizbarros.com.br\/wp-content\/uploads\/2023\/09\/1a.png\" class=\"attachment-full size-full wp-image-13\" alt=\"\" \/>\t\t\t\t\t\t\t\t\t\t\t\t\t\t\t<\/div>\n\t\t\t\t<\/div>\n\t\t\t\t<\/div>\n\t\t\t\t\t<\/div>\n\t\t\t\t<\/div>\n\t\t<div class=\"elementor-element elementor-element-c2e3e94 e-flex e-con-boxed e-con e-parent\" data-id=\"c2e3e94\" data-element_type=\"container\" data-e-type=\"container\" data-settings=\"{&quot;background_background&quot;:&quot;classic&quot;}\">\n\t\t\t\t\t<div class=\"e-con-inner\">\n\t\t<div class=\"elementor-element elementor-element-076022b e-con-full e-flex e-con e-child\" data-id=\"076022b\" data-element_type=\"container\" data-e-type=\"container\">\n\t\t<div class=\"elementor-element elementor-element-68c8af5 e-flex e-con-boxed e-con e-child\" data-id=\"68c8af5\" data-element_type=\"container\" data-e-type=\"container\" data-settings=\"{&quot;background_background&quot;:&quot;classic&quot;}\">\n\t\t\t\t\t<div class=\"e-con-inner\">\n\t\t\t\t<div class=\"elementor-element elementor-element-fc711f2 elementor-widget elementor-widget-heading\" data-id=\"fc711f2\" data-element_type=\"widget\" data-e-type=\"widget\" data-widget_type=\"heading.default\">\n\t\t\t\t<div class=\"elementor-widget-container\">\n\t\t\t\t\t<h1 class=\"elementor-heading-title elementor-size-default\">Jo\u00e3o Luiz Barros<\/h1>\t\t\t\t<\/div>\n\t\t\t\t<\/div>\n\t\t\t\t<div class=\"elementor-element elementor-element-020c7d2 elementor-widget elementor-widget-heading\" data-id=\"020c7d2\" data-element_type=\"widget\" data-e-type=\"widget\" data-widget_type=\"heading.default\">\n\t\t\t\t<div class=\"elementor-widget-container\">\n\t\t\t\t\t<h1 class=\"elementor-heading-title elementor-size-default\">Advocacia e Consultoria Jur\u00eddica <\/h1>\t\t\t\t<\/div>\n\t\t\t\t<\/div>\n\t\t\t\t<div class=\"elementor-element elementor-element-30d93d9 elementor-widget elementor-widget-heading\" data-id=\"30d93d9\" data-element_type=\"widget\" data-e-type=\"widget\" data-widget_type=\"heading.default\">\n\t\t\t\t<div class=\"elementor-widget-container\">\n\t\t\t\t\t<h1 class=\"elementor-heading-title elementor-size-default\">\"Seu direito \u00e9 nossa prioridade. Vamos lutar incansavelmente pelos seus interesses, para que voc\u00ea possa alcan\u00e7ar a justi\u00e7a que merece.\"<\/h1>\t\t\t\t<\/div>\n\t\t\t\t<\/div>\n\t\t\t\t<div class=\"elementor-element elementor-element-1a792c5 elementor-align-center elementor-mobile-align-center elementor-widget elementor-widget-button\" data-id=\"1a792c5\" data-element_type=\"widget\" data-e-type=\"widget\" data-widget_type=\"button.default\">\n\t\t\t\t<div class=\"elementor-widget-container\">\n\t\t\t\t\t\t\t\t\t<div class=\"elementor-button-wrapper\">\n\t\t\t\t\t<a class=\"elementor-button elementor-button-link elementor-size-sm elementor-animation-grow\" href=\"http:\/\/wa.me\/5562992241404\" target=\"_blank\">\n\t\t\t\t\t\t<span class=\"elementor-button-content-wrapper\">\n\t\t\t\t\t\t\t\t\t<span class=\"elementor-button-text\">ENTRAR EM CONTATO<\/span>\n\t\t\t\t\t<\/span>\n\t\t\t\t\t<\/a>\n\t\t\t\t<\/div>\n\t\t\t\t\t\t\t\t<\/div>\n\t\t\t\t<\/div>\n\t\t\t\t\t<\/div>\n\t\t\t\t<\/div>\n\t\t\t\t<\/div>\n\t\t\t\t\t<\/div>\n\t\t\t\t<\/div>\n\t\t<div class=\"elementor-element elementor-element-d2ebd15 e-flex e-con-boxed e-con e-parent\" data-id=\"d2ebd15\" data-element_type=\"container\" data-e-type=\"container\" data-settings=\"{&quot;background_background&quot;:&quot;classic&quot;}\">\n\t\t\t\t\t<div class=\"e-con-inner\">\n\t\t<div class=\"elementor-element elementor-element-982d4e5 e-con-full e-flex e-con e-child\" data-id=\"982d4e5\" data-element_type=\"container\" data-e-type=\"container\" data-settings=\"{&quot;background_background&quot;:&quot;classic&quot;}\">\n\t\t\t\t<div class=\"elementor-element elementor-element-8467059 elementor-widget elementor-widget-image\" data-id=\"8467059\" data-element_type=\"widget\" data-e-type=\"widget\" data-widget_type=\"image.default\">\n\t\t\t\t<div class=\"elementor-widget-container\">\n\t\t\t\t\t\t\t\t\t\t\t\t\t\t\t<img fetchpriority=\"high\" decoding=\"async\" width=\"800\" height=\"484\" src=\"https:\/\/advjoaoluizbarros.com.br\/wp-content\/uploads\/2023\/09\/WhatsApp-Image-2023-09-14-at-19.20.48-1024x619.jpeg\" class=\"attachment-large size-large wp-image-15\" alt=\"\" srcset=\"https:\/\/advjoaoluizbarros.com.br\/wp-content\/uploads\/2023\/09\/WhatsApp-Image-2023-09-14-at-19.20.48-1024x619.jpeg 1024w, https:\/\/advjoaoluizbarros.com.br\/wp-content\/uploads\/2023\/09\/WhatsApp-Image-2023-09-14-at-19.20.48-300x181.jpeg 300w, https:\/\/advjoaoluizbarros.com.br\/wp-content\/uploads\/2023\/09\/WhatsApp-Image-2023-09-14-at-19.20.48-768x464.jpeg 768w, https:\/\/advjoaoluizbarros.com.br\/wp-content\/uploads\/2023\/09\/WhatsApp-Image-2023-09-14-at-19.20.48-1536x928.jpeg 1536w, https:\/\/advjoaoluizbarros.com.br\/wp-content\/uploads\/2023\/09\/WhatsApp-Image-2023-09-14-at-19.20.48.jpeg 1600w\" sizes=\"(max-width: 800px) 100vw, 800px\" \/>\t\t\t\t\t\t\t\t\t\t\t\t\t\t\t<\/div>\n\t\t\t\t<\/div>\n\t\t\t\t<\/div>\n\t\t<div class=\"elementor-element elementor-element-bb4b7d4 e-con-full e-flex e-con e-child\" data-id=\"bb4b7d4\" data-element_type=\"container\" data-e-type=\"container\" data-settings=\"{&quot;background_background&quot;:&quot;classic&quot;}\">\n\t\t\t\t<div class=\"elementor-element elementor-element-816d957 elementor-widget elementor-widget-heading\" data-id=\"816d957\" data-element_type=\"widget\" data-e-type=\"widget\" data-widget_type=\"heading.default\">\n\t\t\t\t<div class=\"elementor-widget-container\">\n\t\t\t\t\t<h2 class=\"elementor-heading-title elementor-size-default\">O Escrit\u00f3rio<\/h2>\t\t\t\t<\/div>\n\t\t\t\t<\/div>\n\t\t\t\t<div class=\"elementor-element elementor-element-9782cd5 elementor-widget elementor-widget-text-editor\" data-id=\"9782cd5\" data-element_type=\"widget\" data-e-type=\"widget\" data-widget_type=\"text-editor.default\">\n\t\t\t\t<div class=\"elementor-widget-container\">\n\t\t\t\t\t\t\t\t\t<p>O escrit\u00f3rio <strong>Barros &amp; Barros Advogados Associados<\/strong> \u00e9 uma renomada firma de advocacia, conhecida por sua <strong>excel\u00eancia e comprometimento<\/strong> na presta\u00e7\u00e3o de servi\u00e7os jur\u00eddicos.<\/p><p>Com uma equipe de <strong>profissionais altamente qualificados<\/strong>, o escrit\u00f3rio atende a uma <strong>ampla gama<\/strong> de \u00e1reas do direito, oferecendo solu\u00e7\u00f5es jur\u00eddicas eficazes e personalizadas para seus clientes.<\/p><p>A <strong>dedica\u00e7\u00e3o \u00e0 \u00e9tica<\/strong>, a expertise jur\u00eddica e o compromisso com resultados positivos fazem do <strong>Barros &amp; Barros Advogados Associados<\/strong> uma escolha confi\u00e1vel para quest\u00f5es legais complexas e desafiadoras.<\/p><p>Entre em contato conosco!<\/p>\t\t\t\t\t\t\t\t<\/div>\n\t\t\t\t<\/div>\n\t\t\t\t<div class=\"elementor-element elementor-element-ef2cddf elementor-align-center elementor-mobile-align-center elementor-widget elementor-widget-button\" data-id=\"ef2cddf\" data-element_type=\"widget\" data-e-type=\"widget\" data-widget_type=\"button.default\">\n\t\t\t\t<div class=\"elementor-widget-container\">\n\t\t\t\t\t\t\t\t\t<div class=\"elementor-button-wrapper\">\n\t\t\t\t\t<a class=\"elementor-button elementor-button-link elementor-size-sm elementor-animation-grow\" href=\"http:\/\/wa.me\/5562992241404\" target=\"_blank\">\n\t\t\t\t\t\t<span class=\"elementor-button-content-wrapper\">\n\t\t\t\t\t\t\t\t\t<span class=\"elementor-button-text\">ENTRAR EM CONTATO<\/span>\n\t\t\t\t\t<\/span>\n\t\t\t\t\t<\/a>\n\t\t\t\t<\/div>\n\t\t\t\t\t\t\t\t<\/div>\n\t\t\t\t<\/div>\n\t\t\t\t<\/div>\n\t\t\t\t\t<\/div>\n\t\t\t\t<\/div>\n\t\t<div class=\"elementor-element elementor-element-ec8c8c5 e-flex e-con-boxed e-con e-parent\" data-id=\"ec8c8c5\" data-element_type=\"container\" data-e-type=\"container\" data-settings=\"{&quot;background_background&quot;:&quot;classic&quot;}\">\n\t\t\t\t\t<div class=\"e-con-inner\">\n\t\t<div class=\"elementor-element elementor-element-0b4b785 e-con-full e-flex e-con e-child\" data-id=\"0b4b785\" data-element_type=\"container\" data-e-type=\"container\">\n\t\t\t\t<div class=\"elementor-element elementor-element-199bf18 elementor-widget elementor-widget-heading\" data-id=\"199bf18\" data-element_type=\"widget\" data-e-type=\"widget\" data-widget_type=\"heading.default\">\n\t\t\t\t<div class=\"elementor-widget-container\">\n\t\t\t\t\t<h2 class=\"elementor-heading-title elementor-size-default\">\u00c1reas de Atua\u00e7\u00e3o<\/h2>\t\t\t\t<\/div>\n\t\t\t\t<\/div>\n\t\t<div class=\"elementor-element elementor-element-b4adeb4 e-con-full e-flex e-con e-child\" data-id=\"b4adeb4\" data-element_type=\"container\" data-e-type=\"container\">\n\t\t<div class=\"elementor-element elementor-element-ae8d900 e-con-full e-flex e-con e-child\" data-id=\"ae8d900\" data-element_type=\"container\" data-e-type=\"container\" data-settings=\"{&quot;background_background&quot;:&quot;classic&quot;}\">\n\t\t\t\t<div class=\"elementor-element elementor-element-e1ef2ff jkit-equal-height-disable elementor-widget elementor-widget-jkit_icon_box\" data-id=\"e1ef2ff\" data-element_type=\"widget\" data-e-type=\"widget\" data-widget_type=\"jkit_icon_box.default\">\n\t\t\t\t<div class=\"elementor-widget-container\">\n\t\t\t\t\t<div  class=\"jeg-elementor-kit jkit-icon-box icon-position- elementor-animation- jeg_module___69f695c896b78\" ><div class=\"jkit-icon-box-wrapper hover-from-left\"><div class=\"icon-box icon-box-header elementor-animation-float\"><div class=\"icon style-color\"><i aria-hidden=\"true\" class=\"icon icon-engineer\"><\/i><\/div><\/div><div class=\"icon-box icon-box-body\">\n                <h3 class=\"title\">Direito Trabalhista<\/h3><p class=\"icon-box-description\">- Especialista em Defesas Trabalhistas;\n- Consultoria Trabalhista;\n- Resolu\u00e7\u00e3o de Conflitos;\n- Especialista em audi\u00eancias de concilia\u00e7\u00e3o (acordos).<\/p>\n            <\/div>\n            \n            <\/div><\/div>\t\t\t\t<\/div>\n\t\t\t\t<\/div>\n\t\t\t\t<\/div>\n\t\t<div class=\"elementor-element elementor-element-4990a60 e-con-full e-flex e-con e-child\" data-id=\"4990a60\" data-element_type=\"container\" data-e-type=\"container\" data-settings=\"{&quot;background_background&quot;:&quot;classic&quot;}\">\n\t\t\t\t<div class=\"elementor-element elementor-element-24809b1 jkit-equal-height-disable elementor-widget elementor-widget-jkit_icon_box\" data-id=\"24809b1\" data-element_type=\"widget\" data-e-type=\"widget\" data-widget_type=\"jkit_icon_box.default\">\n\t\t\t\t<div class=\"elementor-widget-container\">\n\t\t\t\t\t<div  class=\"jeg-elementor-kit jkit-icon-box icon-position- elementor-animation- jeg_module__1_69f695c897855\" ><div class=\"jkit-icon-box-wrapper hover-from-left\"><div class=\"icon-box icon-box-header elementor-animation-float\"><div class=\"icon style-color\"><i aria-hidden=\"true\" class=\"icon icon-bank1\"><\/i><\/div><\/div><div class=\"icon-box icon-box-body\">\n                <h3 class=\"title\">Direito C\u00edvel<\/h3><p class=\"icon-box-description\">- Contratos;\n- Danos materiais e morais;\n- Indeniza\u00e7\u00f5es por acidente;\n- Cobran\u00e7as indevidas e pr\u00e1ticas abusivas.<\/p>\n            <\/div>\n            \n            <\/div><\/div>\t\t\t\t<\/div>\n\t\t\t\t<\/div>\n\t\t\t\t<\/div>\n\t\t<div class=\"elementor-element elementor-element-ece9c50 e-con-full e-flex e-con e-child\" data-id=\"ece9c50\" data-element_type=\"container\" data-e-type=\"container\" data-settings=\"{&quot;background_background&quot;:&quot;classic&quot;}\">\n\t\t\t\t<div class=\"elementor-element elementor-element-0baf4f8 jkit-equal-height-disable elementor-widget elementor-widget-jkit_icon_box\" data-id=\"0baf4f8\" data-element_type=\"widget\" data-e-type=\"widget\" data-widget_type=\"jkit_icon_box.default\">\n\t\t\t\t<div class=\"elementor-widget-container\">\n\t\t\t\t\t<div  class=\"jeg-elementor-kit jkit-icon-box icon-position- elementor-animation- jeg_module__2_69f695c898555\" ><div class=\"jkit-icon-box-wrapper hover-from-left\"><div class=\"icon-box icon-box-header elementor-animation-float\"><div class=\"icon style-color\"><i aria-hidden=\"true\" class=\"icon icon-Family\"><\/i><\/div><\/div><div class=\"icon-box icon-box-body\">\n                <h3 class=\"title\">Direito de Fam\u00edlia <\/h3><p class=\"icon-box-description\">- Invent\u00e1rios e partilhas de bens.\n- Div\u00f3rcio Judicial e Extrajudicial;\n- Guarda de menores;\n- Regulariza\u00e7\u00e3o de visitas;\n- Pens\u00e3o aliment\u00edcia;<\/p>\n            <\/div>\n            \n            <\/div><\/div>\t\t\t\t<\/div>\n\t\t\t\t<\/div>\n\t\t\t\t<\/div>\n\t\t\t\t<\/div>\n\t\t\t\t<\/div>\n\t\t\t\t\t<\/div>\n\t\t\t\t<\/div>\n\t\t<div class=\"elementor-element elementor-element-2cef412 e-flex e-con-boxed e-con e-parent\" data-id=\"2cef412\" data-element_type=\"container\" data-e-type=\"container\" data-settings=\"{&quot;background_background&quot;:&quot;classic&quot;}\">\n\t\t\t\t\t<div class=\"e-con-inner\">\n\t\t\t\t<div class=\"elementor-element elementor-element-43f3c7b elementor-widget elementor-widget-heading\" data-id=\"43f3c7b\" data-element_type=\"widget\" data-e-type=\"widget\" data-widget_type=\"heading.default\">\n\t\t\t\t<div class=\"elementor-widget-container\">\n\t\t\t\t\t<h2 class=\"elementor-heading-title elementor-size-default\">Nossa Vis\u00e3o<\/h2>\t\t\t\t<\/div>\n\t\t\t\t<\/div>\n\t\t\t\t<div class=\"elementor-element elementor-element-8da051c elementor-widget elementor-widget-text-editor\" data-id=\"8da051c\" data-element_type=\"widget\" data-e-type=\"widget\" data-widget_type=\"text-editor.default\">\n\t\t\t\t<div class=\"elementor-widget-container\">\n\t\t\t\t\t\t\t\t\t<p>Visamos fornecer uma solu\u00e7\u00e3o efetiva, acess\u00edvel e diferenciada aos nossos clientes.<\/p><p>Nosso escrit\u00f3rio trabalha de forma transparente, qualificada e competente para atingir resultados positivos e satisfat\u00f3rios.<\/p>\t\t\t\t\t\t\t\t<\/div>\n\t\t\t\t<\/div>\n\t\t\t\t<div class=\"elementor-element elementor-element-1405edb elementor-align-center elementor-mobile-align-center elementor-widget elementor-widget-button\" data-id=\"1405edb\" data-element_type=\"widget\" data-e-type=\"widget\" data-widget_type=\"button.default\">\n\t\t\t\t<div class=\"elementor-widget-container\">\n\t\t\t\t\t\t\t\t\t<div class=\"elementor-button-wrapper\">\n\t\t\t\t\t<a class=\"elementor-button elementor-button-link elementor-size-sm elementor-animation-grow\" href=\"http:\/\/wa.me\/5562992241404\" target=\"_blank\">\n\t\t\t\t\t\t<span class=\"elementor-button-content-wrapper\">\n\t\t\t\t\t\t\t\t\t<span class=\"elementor-button-text\">ENTRAR EM CONTATO<\/span>\n\t\t\t\t\t<\/span>\n\t\t\t\t\t<\/a>\n\t\t\t\t<\/div>\n\t\t\t\t\t\t\t\t<\/div>\n\t\t\t\t<\/div>\n\t\t\t\t\t<\/div>\n\t\t\t\t<\/div>\n\t\t<div class=\"elementor-element elementor-element-fdf3ce7 e-flex e-con-boxed e-con e-parent\" data-id=\"fdf3ce7\" data-element_type=\"container\" data-e-type=\"container\" data-settings=\"{&quot;background_background&quot;:&quot;classic&quot;}\">\n\t\t\t\t\t<div class=\"e-con-inner\">\n\t\t<div class=\"elementor-element elementor-element-dd7dfbe e-con-full e-flex e-con e-child\" data-id=\"dd7dfbe\" data-element_type=\"container\" data-e-type=\"container\" data-settings=\"{&quot;background_background&quot;:&quot;classic&quot;}\">\n\t\t\t\t<div class=\"elementor-element elementor-element-6b4d009 elementor-widget elementor-widget-spacer\" data-id=\"6b4d009\" data-element_type=\"widget\" data-e-type=\"widget\" data-widget_type=\"spacer.default\">\n\t\t\t\t<div class=\"elementor-widget-container\">\n\t\t\t\t\t\t\t<div class=\"elementor-spacer\">\n\t\t\t<div class=\"elementor-spacer-inner\"><\/div>\n\t\t<\/div>\n\t\t\t\t\t\t<\/div>\n\t\t\t\t<\/div>\n\t\t\t\t<\/div>\n\t\t<div class=\"elementor-element elementor-element-5f62c3d e-con-full e-flex e-con e-child\" data-id=\"5f62c3d\" data-element_type=\"container\" data-e-type=\"container\" data-settings=\"{&quot;background_background&quot;:&quot;classic&quot;}\">\n\t\t\t\t<div class=\"elementor-element elementor-element-6148d6a elementor-widget elementor-widget-heading\" data-id=\"6148d6a\" data-element_type=\"widget\" data-e-type=\"widget\" data-widget_type=\"heading.default\">\n\t\t\t\t<div class=\"elementor-widget-container\">\n\t\t\t\t\t<h2 class=\"elementor-heading-title elementor-size-default\">Barros &amp; Barros Advogados Associados<\/h2>\t\t\t\t<\/div>\n\t\t\t\t<\/div>\n\t\t\t\t<div class=\"elementor-element elementor-element-ecc6e1a elementor-widget elementor-widget-text-editor\" data-id=\"ecc6e1a\" data-element_type=\"widget\" data-e-type=\"widget\" data-widget_type=\"text-editor.default\">\n\t\t\t\t<div class=\"elementor-widget-container\">\n\t\t\t\t\t\t\t\t\t<p>O escrit\u00f3rio <strong>Barros &amp; Barros Advogados Associados<\/strong> \u00e9 uma refer\u00eancia no mundo jur\u00eddico, destacando-se por sua <strong>abordagem inovadora<\/strong> e foco na resolu\u00e7\u00e3o de problemas legais de forma eficiente.<\/p><p>Fundado por uma equipe de <strong>advogados vision\u00e1rios<\/strong>, o escrit\u00f3rio tem se destacado na vanguarda das mudan\u00e7as no direito, <strong>utilizando tecnologia de ponta<\/strong> e estrat\u00e9gias jur\u00eddicas inovadoras para <strong>atender \u00e0s necessidades<\/strong> de seus clientes.<\/p><p>A <strong>paix\u00e3o pela justi\u00e7a<\/strong> e o compromisso com a excel\u00eancia tornam o <strong>Barros &amp; Barros Advogados Associados<\/strong> a escolha ideal para empresas e indiv\u00edduos em busca de representa\u00e7\u00e3o legal excepcional.<\/p>\t\t\t\t\t\t\t\t<\/div>\n\t\t\t\t<\/div>\n\t\t\t\t<\/div>\n\t\t\t\t\t<\/div>\n\t\t\t\t<\/div>\n\t\t<div class=\"elementor-element elementor-element-749718b e-flex e-con-boxed e-con e-parent\" data-id=\"749718b\" data-element_type=\"container\" data-e-type=\"container\" data-settings=\"{&quot;background_background&quot;:&quot;classic&quot;}\">\n\t\t\t\t\t<div class=\"e-con-inner\">\n\t\t<div class=\"elementor-element elementor-element-d4cf204 e-con-full e-flex e-con e-child\" data-id=\"d4cf204\" data-element_type=\"container\" data-e-type=\"container\">\n\t\t\t\t<div class=\"elementor-element elementor-element-de062cf elementor-widget elementor-widget-elementskit-heading\" data-id=\"de062cf\" data-element_type=\"widget\" data-e-type=\"widget\" data-widget_type=\"elementskit-heading.default\">\n\t\t\t\t<div class=\"elementor-widget-container\">\n\t\t\t\t\t<div class=\"ekit-wid-con\" ><div class=\"ekit-heading elementskit-section-title-wraper text_left   ekit_heading_tablet-   ekit_heading_mobile-text_center\"><p class=\"ekit-heading--title elementskit-section-title \">\u00a92023 Barros &amp; Barros Advogados Associados. Todos os direitos reservados.<\/p><\/div><\/div>\t\t\t\t<\/div>\n\t\t\t\t<\/div>\n\t\t\t\t<\/div>\n\t\t<div class=\"elementor-element elementor-element-3725ce7 e-con-full e-flex e-con e-child\" data-id=\"3725ce7\" data-element_type=\"container\" data-e-type=\"container\">\n\t\t\t\t<div class=\"elementor-element elementor-element-af66aa8 elementor-widget elementor-widget-elementskit-heading\" data-id=\"af66aa8\" data-element_type=\"widget\" data-e-type=\"widget\" data-widget_type=\"elementskit-heading.default\">\n\t\t\t\t<div class=\"elementor-widget-container\">\n\t\t\t\t\t<div class=\"ekit-wid-con\" ><div class=\"ekit-heading elementskit-section-title-wraper text_right   ekit_heading_tablet-   ekit_heading_mobile-text_center\"><a href=\"https:\/\/modusjuridico.com.br\" target=\"_blank\"><p class=\"ekit-heading--title elementskit-section-title \">Desenvolvido por Modu's Jur\u00eddico.<\/p><\/a><\/div><\/div>\t\t\t\t<\/div>\n\t\t\t\t<\/div>\n\t\t\t\t<\/div>\n\t\t\t\t\t<\/div>\n\t\t\t\t<\/div>\n\t\t\t\t<\/div>\n\t\t","protected":false},"excerpt":{"rendered":"<p>Jo\u00e3o Luiz Barros Advocacia e Consultoria Jur\u00eddica &#8220;Seu direito \u00e9 nossa prioridade. Vamos lutar incansavelmente pelos seus interesses, para que voc\u00ea possa alcan\u00e7ar a justi\u00e7a que merece.&#8221; ENTRAR EM CONTATO O Escrit\u00f3rio O escrit\u00f3rio Barros &amp; Barros Advogados Associados \u00e9 uma renomada firma de advocacia, conhecida por sua excel\u00eancia e comprometimento na presta\u00e7\u00e3o de servi\u00e7os [&hellip;]<\/p>\n","protected":false},"author":1,"featured_media":0,"parent":0,"menu_order":0,"comment_status":"closed","ping_status":"closed","template":"elementor_canvas","meta":{"_joinchat":[],"footnotes":""},"class_list":["post-11","page","type-page","status-publish","hentry"],"_links":{"self":[{"href":"https:\/\/advjoaoluizbarros.com.br\/index.php\/wp-json\/wp\/v2\/pages\/11","targetHints":{"allow":["GET"]}}],"collection":[{"href":"https:\/\/advjoaoluizbarros.com.br\/index.php\/wp-json\/wp\/v2\/pages"}],"about":[{"href":"https:\/\/advjoaoluizbarros.com.br\/index.php\/wp-json\/wp\/v2\/types\/page"}],"author":[{"embeddable":true,"href":"https:\/\/advjoaoluizbarros.com.br\/index.php\/wp-json\/wp\/v2\/users\/1"}],"replies":[{"embeddable":true,"href":"https:\/\/advjoaoluizbarros.com.br\/index.php\/wp-json\/wp\/v2\/comments?post=11"}],"version-history":[{"count":7,"href":"https:\/\/advjoaoluizbarros.com.br\/index.php\/wp-json\/wp\/v2\/pages\/11\/revisions"}],"predecessor-version":[{"id":29,"href":"https:\/\/advjoaoluizbarros.com.br\/index.php\/wp-json\/wp\/v2\/pages\/11\/revisions\/29"}],"wp:attachment":[{"href":"https:\/\/advjoaoluizbarros.com.br\/index.php\/wp-json\/wp\/v2\/media?parent=11"}],"curies":[{"name":"wp","href":"https:\/\/api.w.org\/{rel}","templated":true}]}}